{"id":586,"date":"2021-04-23T13:28:08","date_gmt":"2021-04-23T13:28:08","guid":{"rendered":"https:\/\/arvilantila.fi\/home\/"},"modified":"2023-03-09T14:04:54","modified_gmt":"2023-03-09T14:04:54","slug":"home","status":"publish","type":"page","link":"https:\/\/arvilantila.fi\/en\/","title":{"rendered":"Home"},"content":{"rendered":"<p>[vc_row full_width=&#8221;stretch_row&#8221; css_animation=&#8221;fadeIn&#8221; css=&#8221;.vc_custom_1622028428560{padding-right: 150px !important;padding-left: 150px !important;background-image: url(https:\/\/arvilantila.fi\/wp-content\/uploads\/2021\/04\/arvilan-tila-11.jpg?id=108) !important;background-position: center !important;background-repeat: no-repeat !important;background-size: cover !important;}&#8221;][vc_column el_class=&#8221;overlapperi&#8221; offset=&#8221;vc_hidden-xs&#8221;][vc_empty_space][vc_single_image image=&#8221;105&#8243; img_size=&#8221;full&#8221; alignment=&#8221;center&#8221;][vc_column_text]<\/p>\n<h1 style=\"text-align: center;\">ORIGIN MATTERS<\/h1>\n<p style=\"text-align: center;\">The Arvila Farm produces organic beef of originally Finnish cattle in an ethical way, supporting local biodiversity. Our Eastern Finncattle lives as naturally as possible in their own rhythm, and they graze outside in natural woodland pastures and organic fields from spring until late in the autumn. In wintertime our cattle have indoor shelter, but our open-door policy offers them the freedom of being outside in the corral whenever they want.<\/p>\n<p style=\"text-align: center;\">Eastern Finncattle are an original Finnish cattle breed and they play an important role in the Finnish cultural landscape. Choosing this breed for its precious and unique genetic heritage was a conscious choice.<\/p>\n<p style=\"text-align: center;\">Besides, Eastern Finncattle beef is of premium quality \u2013 do give it a try!<\/p>\n<p>[\/vc_column_text][vc_empty_space height=&#8221;82px&#8221;][\/vc_column][\/vc_row][vc_row full_width=&#8221;stretch_row&#8221; css_animation=&#8221;fadeIn&#8221; css=&#8221;.vc_custom_1624863216190{background-image: url(https:\/\/arvilantila.fi\/wp-content\/uploads\/2021\/04\/arvilan-tila-11.jpg?id=108) !important;background-position: center !important;background-repeat: no-repeat !important;background-size: cover !important;}&#8221;][vc_column el_class=&#8221;overlapperi&#8221; offset=&#8221;vc_hidden-lg vc_hidden-md vc_hidden-sm&#8221;][vc_empty_space][vc_single_image image=&#8221;105&#8243; img_size=&#8221;full&#8221; alignment=&#8221;center&#8221;][vc_column_text]<\/p>\n<h1 style=\"text-align: center;\">ORIGIN MATTERS<\/h1>\n<p style=\"text-align: center;\">The Arvila Farm produces organic beef of originally Finnish cattle in an ethical way, supporting local biodiversity. Our Eastern Finncattle lives as naturally as possible in their own rhythm, and they graze outside in natural woodland pastures and organic fields from spring until late in the autumn. In wintertime our cattle have indoor shelter, but our open-door policy offers them the freedom of being outside in the corral whenever they want.<\/p>\n<p style=\"text-align: center;\">Eastern Finncattle are an original Finnish cattle breed and they play an important role in the Finnish cultural landscape. Choosing this breed for its precious and unique genetic heritage was a conscious choice.<\/p>\n<p style=\"text-align: center;\">Besides, Eastern Finncattle beef is of premium quality \u2013 do give it a try!<\/p>\n<p>[\/vc_column_text][vc_empty_space height=&#8221;82px&#8221;][\/vc_column][\/vc_row][vc_row full_width=&#8221;stretch_row&#8221; parallax=&#8221;content-moving&#8221; parallax_image=&#8221;45&#8243; css=&#8221;.vc_custom_1619515806249{background-color: #e0e0e0 !important;}&#8221;][vc_column width=&#8221;1\/2&#8243;][\/vc_column][vc_column width=&#8221;1\/2&#8243; css=&#8221;.vc_custom_1624863314876{margin-top: 152px !important;margin-bottom: 152px !important;padding-top: 42px !important;padding-right: 42px !important;padding-bottom: 42px !important;padding-left: 42px !important;background-color: #f4f4f4 !important;}&#8221; offset=&#8221;vc_hidden-xs&#8221;][vc_column_text]<\/p>\n<h2>WELCOME TO OUR FARM SHOP<\/h2>\n<p>The Arvila Farm stands for excellent quality, ethical and naturally grazed organic Eastern Finncattle beef. We offer a choice of succulent roast, minced meat and tender stew meat and steaks. Our charming farm shop is open on Thursdays from 17-19. Mind you, we do appreciate every visitor, but by placing a preorder, we can guarantee you will get exactly the beef of your choice.<\/p>\n<p>Do pay us a visit![\/vc_column_text][\/vc_column][\/vc_row][vc_row full_width=&#8221;stretch_row_content_no_spaces&#8221; css=&#8221;.vc_custom_1619515743455{background-color: #212121 !important;}&#8221;][vc_column width=&#8221;1\/2&#8243; css=&#8221;.vc_custom_1624863295049{padding-top: 52px !important;padding-right: 162px !important;padding-bottom: 52px !important;padding-left: 162px !important;}&#8221; offset=&#8221;vc_hidden-xs&#8221;][vc_column_text]<\/p>\n<h2><span style=\"font-weight: 400; color: #ffffff;\">HOLIDAY AT THE FARM<\/span><\/h2>\n<p><span style=\"font-weight: 400; color: #ffffff;\">Have you ever dreamed of sleeping in a century log cottage and seeing grazing Finncattle from your bedroom window? At the Arvila farm your dream can come true and we have room for 15 people in total. The cottage is equipped with a kitchen, bathroom, shower and a traditional wood sauna. During your stay, you can enjoy the authentic countryside atmosphere, stroll through the traditional landscape along our nature trail and gazing into the flames with a cup of campfire coffee at our kota.<\/span>[\/vc_column_text][vc_btn title=&#8221;READ MORE&#8221; style=&#8221;outline&#8221; color=&#8221;white&#8221; link=&#8221;url:https%3A%2F%2Farvilantila.fi%2Fen%2Fstaying-at-the-farm%2F&#8221;][\/vc_column][vc_column width=&#8221;1\/2&#8243;][vc_single_image image=&#8221;113&#8243; img_size=&#8221;full&#8221;][\/vc_column][\/vc_row][vc_row full_width=&#8221;stretch_row&#8221; css=&#8221;.vc_custom_1624863462330{background-color: #212121 !important;}&#8221;][vc_column width=&#8221;1\/2&#8243; css=&#8221;.vc_custom_1624863373563{padding-top: 32px !important;padding-bottom: 32px !important;}&#8221; offset=&#8221;vc_hidden-lg vc_hidden-md vc_hidden-sm&#8221;][vc_column_text]<\/p>\n<h2><span style=\"font-weight: 400; color: #ffffff;\">HOLIDAY AT THE FARM<\/span><\/h2>\n<p><span style=\"font-weight: 400; color: #ffffff;\">Have you ever dreamed of sleeping in a century log cottage and seeing grazing Finncattle from your bedroom window? At the Arvila farm your dream can come true and we have room for 15 people in total. The cottage is equipped with a kitchen, bathroom, shower and a traditional wood sauna. During your stay, you can enjoy the authentic countryside atmosphere, stroll through the traditional landscape along our nature trail and gazing into the flames with a cup of campfire coffee at our kota.<\/span>[\/vc_column_text][vc_btn title=&#8221;READ MORE&#8221; style=&#8221;outline&#8221; color=&#8221;white&#8221; link=&#8221;url:https%3A%2F%2Farvilantila.fi%2Fen%2Fstaying-at-the-farm%2F&#8221;][\/vc_column][vc_column width=&#8221;1\/2&#8243; offset=&#8221;vc_hidden-lg vc_hidden-md vc_hidden-sm&#8221;][vc_single_image image=&#8221;113&#8243; img_size=&#8221;full&#8221;][\/vc_column][\/vc_row][vc_row full_width=&#8221;stretch_row_content_no_spaces&#8221;][vc_column width=&#8221;1\/2&#8243; offset=&#8221;vc_hidden-xs&#8221;][vc_single_image image=&#8221;396&#8243; img_size=&#8221;full&#8221;][\/vc_column][vc_column width=&#8221;1\/2&#8243; css=&#8221;.vc_custom_1624863970563{padding-top: 52px !important;padding-right: 162px !important;padding-bottom: 52px !important;padding-left: 162px !important;}&#8221; offset=&#8221;vc_hidden-xs&#8221;][vc_column_text]<\/p>\n<h2>AUTHENTIC COUNTRYSIDE EXPERIENCES<\/h2>\n<p>Tune in to the easy-going atmosphere at the farm. At the Arvila farm you are free to sit back and relax on your own or join the activities we have to offer. We offer a range of experiences for families, companies, stag dos or hen nights. Milt\u00e4 kuulostaisi kyytt\u00f6agility, hevosajelu vanhan ajan k\u00e4rryill\u00e4 tai vaikka laidunpiknik traktorikyydill\u00e4?[\/vc_column_text][\/vc_column][\/vc_row][vc_row][vc_column width=&#8221;1\/2&#8243; offset=&#8221;vc_hidden-lg vc_hidden-md vc_hidden-sm&#8221;][vc_single_image image=&#8221;396&#8243; img_size=&#8221;full&#8221;][\/vc_column][vc_column width=&#8221;1\/2&#8243; css=&#8221;.vc_custom_1624863924108{padding-top: 32px !important;padding-bottom: 32px !important;}&#8221; offset=&#8221;vc_hidden-lg vc_hidden-md vc_hidden-sm&#8221;][vc_column_text]<\/p>\n<h2>AUTHENTIC COUNTRYSIDE EXPERIENCES<\/h2>\n<p>Tune in to the easy-going atmosphere at the farm. At the Arvila farm you are free to sit back and relax on your own or join the activities we have to offer. We offer a range of experiences for families, companies, stag dos or hen nights. Milt\u00e4 kuulostaisi kyytt\u00f6agility, hevosajelu vanhan ajan k\u00e4rryill\u00e4 tai vaikka laidunpiknik traktorikyydill\u00e4?[\/vc_column_text][\/vc_column][\/vc_row][vc_row full_width=&#8221;stretch_row&#8221; parallax=&#8221;content-moving&#8221; parallax_image=&#8221;128&#8243;][vc_column width=&#8221;1\/2&#8243; css=&#8221;.vc_custom_1619516450606{margin-top: 152px !important;margin-bottom: 152px !important;padding-top: 42px !important;padding-right: 42px !important;padding-bottom: 42px !important;padding-left: 42px !important;}&#8221;][vc_empty_space height=&#8221;52px&#8221;][vc_column_text]<\/p>\n<h2><span style=\"color: #ffffff;\">NATURAL BIODIVERSITY IS OUR PASSION<\/span><\/h2>\n<p><span style=\"color: #ffffff;\">Grazing benefits nature\u2019s diversity, the animals\u2019 welfare and the preservation of the traditional biotope. At Arvila farm, the Finncattle maintain the biodiversity in the pastures, forest meadows and woodlands. Many plants, mushrooms, insects, birds and mammals benefit from the grazing. Exactly this increasing of typical biodiversity is one of the main goals of our farming.<\/span>[\/vc_column_text][\/vc_column][vc_column width=&#8221;1\/2&#8243;][\/vc_column][\/vc_row]<\/p>\n","protected":false},"excerpt":{"rendered":"<p>[vc_row full_width=&#8221;stretch_row&#8221; css_animation=&#8221;fadeIn&#8221; css=&#8221;.vc_custom_1622028428560{padding-right: 150px !important;padding-left: 150px !important;background-image: url(https:\/\/arvilantila.fi\/wp-content\/uploads\/2021\/04\/arvilan-tila-11.jpg?id=108) !important;background-position: center !important;background-repeat: no-repeat !important;background-size: cover !important;}&#8221;][vc_column el_class=&#8221;overlapperi&#8221; offset=&#8221;vc_hidden-xs&#8221;][vc_empty_space][vc_single_image image=&#8221;105&#8243; img_size=&#8221;full&#8221; alignment=&#8221;center&#8221;][vc_column_text] ORIGIN MATTERS The Arvila Farm produces organic beef of originally Finnish cattle in an ethical way, supporting local biodiversity. Our Eastern Finncattle lives as naturally as possible in their own rhythm, and they graze [&hellip;]<\/p>\n","protected":false},"author":1,"featured_media":0,"parent":0,"menu_order":0,"comment_status":"closed","ping_status":"closed","template":"","meta":{"footnotes":""},"class_list":["post-586","page","type-page","status-publish","hentry"],"_links":{"self":[{"href":"https:\/\/arvilantila.fi\/en\/wp-json\/wp\/v2\/pages\/586","targetHints":{"allow":["GET"]}}],"collection":[{"href":"https:\/\/arvilantila.fi\/en\/wp-json\/wp\/v2\/pages"}],"about":[{"href":"https:\/\/arvilantila.fi\/en\/wp-json\/wp\/v2\/types\/page"}],"author":[{"embeddable":true,"href":"https:\/\/arvilantila.fi\/en\/wp-json\/wp\/v2\/users\/1"}],"replies":[{"embeddable":true,"href":"https:\/\/arvilantila.fi\/en\/wp-json\/wp\/v2\/comments?post=586"}],"version-history":[{"count":4,"href":"https:\/\/arvilantila.fi\/en\/wp-json\/wp\/v2\/pages\/586\/revisions"}],"predecessor-version":[{"id":645,"href":"https:\/\/arvilantila.fi\/en\/wp-json\/wp\/v2\/pages\/586\/revisions\/645"}],"wp:attachment":[{"href":"https:\/\/arvilantila.fi\/en\/wp-json\/wp\/v2\/media?parent=586"}],"curies":[{"name":"wp","href":"https:\/\/api.w.org\/{rel}","templated":true}]}}