{"id":594,"date":"2021-04-23T13:30:21","date_gmt":"2021-04-23T13:30:21","guid":{"rendered":"https:\/\/arvilantila.fi\/maatilamajoitus\/"},"modified":"2023-10-02T10:47:08","modified_gmt":"2023-10-02T10:47:08","slug":"staying-at-the-farm","status":"publish","type":"page","link":"https:\/\/arvilantila.fi\/en\/staying-at-the-farm\/","title":{"rendered":"Staying at the farm"},"content":{"rendered":"<p>[vc_row full_width=&#8221;stretch_row&#8221; css_animation=&#8221;fadeIn&#8221; css=&#8221;.vc_custom_1622029338764{padding-right: 150px !important;padding-left: 150px !important;background-image: url(https:\/\/arvilantila.fi\/wp-content\/uploads\/2021\/05\/maatilamajoitus-1.jpg?id=137) !important;background-position: center !important;background-repeat: no-repeat !important;background-size: cover !important;}&#8221;][vc_column el_class=&#8221;overlapperi&#8221; offset=&#8221;vc_hidden-xs&#8221;][vc_empty_space][vc_single_image image=&#8221;105&#8243; img_size=&#8221;full&#8221; alignment=&#8221;center&#8221;][vc_column_text]<\/p>\n<h3 style=\"text-align: center;\">STAYING AT THE FARM<\/h3>\n<h1 style=\"text-align: center;\">EXPERIENCE AUTHENTIC FARMLIFE<\/h1>\n<p style=\"text-align: center;\">Stay over in a 100-year-old cottage on the idyllic Arvila farmyard. Wake up to the sound of birds singing, sip your morning coffee while watching the Finncattle going about their organic business and be at peace surrounded by nature and the apple trees.<\/p>\n<p style=\"text-align: center;\">Our cozy cottage is well equipped for larger groups, offering sleeping places for up to 15 people. The cottage is equipped with a kitchen, bathroom, shower and a traditional wood sauna, which steam has received much praise.<\/p>\n<p style=\"text-align: center;\">Near the farm, you can enjoy the authentic countryside atmosphere, stroll along our nature trail, pick wild berries and edible mushrooms or sit down with a cup of campfire coffee at our kota, which can be reserved free of charge during your stay.<\/p>\n<p>&nbsp;<\/p>\n<p style=\"text-align: center;\"><strong><a href=\"https:\/\/arvilantila.fi\/varauskalenteri\/\" target=\"_blank\" rel=\"noopener\">Check the free dates from this calendar &gt;&gt;<\/a><\/strong><\/p>\n<p>[\/vc_column_text][vc_empty_space height=&#8221;82px&#8221;][\/vc_column][\/vc_row][vc_row full_width=&#8221;stretch_row&#8221; css_animation=&#8221;fadeIn&#8221; css=&#8221;.vc_custom_1624865612228{background-image: url(https:\/\/arvilantila.fi\/wp-content\/uploads\/2021\/05\/maatilamajoitus-1.jpg?id=137) !important;background-position: center !important;background-repeat: no-repeat !important;background-size: cover !important;}&#8221;][vc_column el_class=&#8221;overlapperi&#8221; offset=&#8221;vc_hidden-lg vc_hidden-md vc_hidden-sm&#8221;][vc_empty_space][vc_single_image image=&#8221;105&#8243; img_size=&#8221;full&#8221; alignment=&#8221;center&#8221;][vc_column_text]<\/p>\n<h3 style=\"text-align: center;\">STAYING AT THE FARM<\/h3>\n<h1 style=\"text-align: center;\">EXPERIENCE AUTHENTIC FARMLIFE<\/h1>\n<p style=\"text-align: center;\">Stay over in a 100-year-old cottage on the idyllic Arvila farmyard. Wake up to the sound of birds singing, sip your morning coffee while watching the Finncattle going about their organic business and be at peace surrounded by nature and the apple trees.<\/p>\n<p style=\"text-align: center;\">Our cozy cottage is well equipped for larger groups, offering sleeping places for up to 15 people. The cottage is equipped with a kitchen, bathroom, shower and a traditional wood sauna, which steam has received much praise.<\/p>\n<p style=\"text-align: center;\">Near the farm, you can enjoy the authentic countryside atmosphere, stroll along our nature trail, pick wild berries and edible mushrooms or sit down with a cup of campfire coffee at our kota, which can be reserved free of charge during your stay.<\/p>\n<p>[\/vc_column_text][vc_empty_space height=&#8221;82px&#8221;][\/vc_column][\/vc_row][vc_row full_width=&#8221;stretch_row&#8221; css=&#8221;.vc_custom_1622029399001{background-color: #212121 !important;}&#8221;][vc_column width=&#8221;1\/2&#8243; css=&#8221;.vc_custom_1622028286594{padding-top: 42px !important;padding-bottom: 42px !important;}&#8221;][vc_empty_space][vc_column_text]<\/p>\n<h2><span style=\"color: #ffffff;\">Farmlife experiences for families, companies or stag dos and hen nights<\/span><\/h2>\n<p><span style=\"color: #ffffff;\">On request, we will be happy to organize a memorable program for our guests to help them get into the atmosphere of the farm.<\/span><\/p>\n<p><span style=\"color: #ffffff;\">Hop aboard an old-fashioned hay cart or enjoy the thrill of a real one-Finnhorse open sleigh ride under a warm cover. Fancy something more active? Then Kyyt\u00f6-agility or archery may be your cup of tea.<\/span>[\/vc_column_text][vc_empty_space][\/vc_column][vc_column width=&#8221;1\/2&#8243;][vc_empty_space][vc_single_image image=&#8221;146&#8243; img_size=&#8221;full&#8221;][\/vc_column][\/vc_row][vc_row][vc_column][vc_empty_space height=&#8221;52px&#8221;][vc_column_text]<\/p>\n<h2 style=\"text-align: center;\">PRICES<\/h2>\n<p style=\"text-align: center;\">The prices mentioned here do not include holiday weekends. Do ask us for the prices list for holidays like Christmas or Midsummer!<\/p>\n<p>[\/vc_column_text][vc_empty_space height=&#8221;24px&#8221;][vc_column_text]\n<table id=\"tablepress-2\" class=\"tablepress tablepress-id-2\">\n<thead>\n<tr class=\"row-1\">\n\t<th class=\"column-1\">Group size<\/th><th class=\"column-2\">weekdays<\/th><th class=\"column-3\">Weekend (Fri-Sun)<\/th>\n<\/tr>\n<\/thead>\n<tbody class=\"row-striping row-hover\">\n<tr class=\"row-2\">\n\t<td class=\"column-1\">1<\/td><td class=\"column-2\">120<\/td><td class=\"column-3\">300<\/td>\n<\/tr>\n<tr class=\"row-3\">\n\t<td class=\"column-1\">2<\/td><td class=\"column-2\">120<\/td><td class=\"column-3\">300<\/td>\n<\/tr>\n<tr class=\"row-4\">\n\t<td class=\"column-1\">3<\/td><td class=\"column-2\">120<\/td><td class=\"column-3\">300<\/td>\n<\/tr>\n<tr class=\"row-5\">\n\t<td class=\"column-1\">4<\/td><td class=\"column-2\">120<\/td><td class=\"column-3\">300<\/td>\n<\/tr>\n<tr class=\"row-6\">\n\t<td class=\"column-1\">5<\/td><td class=\"column-2\">120<\/td><td class=\"column-3\">300<\/td>\n<\/tr>\n<tr class=\"row-7\">\n\t<td class=\"column-1\">6<\/td><td class=\"column-2\">120<\/td><td class=\"column-3\">300<\/td>\n<\/tr>\n<tr class=\"row-8\">\n\t<td class=\"column-1\">7<\/td><td class=\"column-2\">140<\/td><td class=\"column-3\">400<\/td>\n<\/tr>\n<tr class=\"row-9\">\n\t<td class=\"column-1\">8<\/td><td class=\"column-2\">140<\/td><td class=\"column-3\">400<\/td>\n<\/tr>\n<tr class=\"row-10\">\n\t<td class=\"column-1\">9<\/td><td class=\"column-2\">140<\/td><td class=\"column-3\">400<\/td>\n<\/tr>\n<tr class=\"row-11\">\n\t<td class=\"column-1\">10<\/td><td class=\"column-2\">140<\/td><td class=\"column-3\">400<\/td>\n<\/tr>\n<tr class=\"row-12\">\n\t<td class=\"column-1\">11<\/td><td class=\"column-2\">200<\/td><td class=\"column-3\">450<\/td>\n<\/tr>\n<tr class=\"row-13\">\n\t<td class=\"column-1\">12<\/td><td class=\"column-2\">200<\/td><td class=\"column-3\">450<\/td>\n<\/tr>\n<tr class=\"row-14\">\n\t<td class=\"column-1\">13<\/td><td class=\"column-2\">200<\/td><td class=\"column-3\">450<\/td>\n<\/tr>\n<tr class=\"row-15\">\n\t<td class=\"column-1\">14<\/td><td class=\"column-2\">200<\/td><td class=\"column-3\">450<\/td>\n<\/tr>\n<tr class=\"row-16\">\n\t<td class=\"column-1\">15<\/td><td class=\"column-2\">200<\/td><td class=\"column-3\">450<\/td>\n<\/tr>\n<\/tbody>\n<\/table>\n<!-- #tablepress-2 from cache -->[\/vc_column_text][vc_column_text]<\/p>\n<p style=\"text-align: center;\">Please note that rentals of less than 4 nights do not include bed linen or final cleaning. Bed linen (sheets, pillowcases and duvet covers) and towels 15 \u20ac\/person. Book the cottage!<\/p>\n<p style=\"text-align: center;\">info@arvilantila.fi or +358 (0)40\u00a0590 6255<\/p>\n<p>[\/vc_column_text][vc_empty_space height=&#8221;52px&#8221;][\/vc_column][\/vc_row][vc_row full_width=&#8221;stretch_row&#8221; parallax=&#8221;content-moving&#8221; parallax_image=&#8221;157&#8243; disable_element=&#8221;yes&#8221; css=&#8221;.vc_custom_1678358718204{background-position: center;background-repeat: no-repeat !important;background-size: cover !important;}&#8221;][vc_column][vc_empty_space height=&#8221;82px&#8221;][vc_column_text]<\/p>\n<h2 style=\"text-align: center;\"><span style=\"color: #ffffff;\">ASIAKKAIDEMME SANOMAA<\/span><\/h2>\n<p>[\/vc_column_text][vc_empty_space height=&#8221;52px&#8221;][vc_row_inner][vc_column_inner width=&#8221;1\/2&#8243;][vc_column_text]<\/p>\n<p style=\"text-align: center;\"><span style=\"color: #ffffff;\">\u201dMahtava ja idyllinen pikku m\u00f6kki lyhyen matkan p\u00e4\u00e4ss\u00e4 Helsingist\u00e4. Sijaitsee maatilan yhteydess\u00e4, joka oli vain plussaa ja vaikka onkin samalla tontilla is\u00e4nn\u00e4n kanssa, niin m\u00f6kill\u00e4 on oma rauha.\u201d \u2013 Peter<\/span><\/p>\n<p>&nbsp;<\/p>\n<p style=\"text-align: center;\"><span style=\"color: #ffffff;\">\u201dMik\u00e4li kaipaat rauhaa ja irtiottoa kaupungin arjesta, t\u00e4m\u00e4 kohde on varmasti sinulle.\u201d \u2013 Risto<\/span><\/p>\n<p>[\/vc_column_text][\/vc_column_inner][vc_column_inner width=&#8221;1\/2&#8243;][vc_column_text]<span style=\"color: #ffffff;\">\u201cA wonderful place, great people, fascinating animals. Highly recommended for families with children. Arvi, his wife and children are very hospitable, as well as their cats!\u201d \u2013 Renata<\/span><\/p>\n<p>&nbsp;<\/p>\n<p><span style=\"color: #ffffff;\">\u201cVanhaa tunnelmaa henkiv\u00e4 mummonm\u00f6kki tarjosi 10 hengen polttariporukallemme erinomaiset olosuhteet viett\u00e4\u00e4 rentoa kes\u00e4viikonloppua. Ihana maalaismaisema ja luonnon vehreys kruunasivat kokonaisuuden!\u201d \u2013 Anni<\/span>[\/vc_column_text][\/vc_column_inner][\/vc_row_inner][vc_empty_space height=&#8221;152px&#8221;][\/vc_column][\/vc_row][vc_row][vc_column][vc_empty_space height=&#8221;52px&#8221;][vc_row_inner][vc_column_inner width=&#8221;1\/3&#8243;][vc_single_image image=&#8221;364&#8243; img_size=&#8221;full&#8221;][\/vc_column_inner][vc_column_inner width=&#8221;1\/3&#8243;][vc_single_image image=&#8221;365&#8243; img_size=&#8221;full&#8221;][\/vc_column_inner][vc_column_inner width=&#8221;1\/3&#8243;][vc_single_image image=&#8221;366&#8243; img_size=&#8221;full&#8221;][\/vc_column_inner][\/vc_row_inner][vc_row_inner][vc_column_inner width=&#8221;1\/3&#8243;][vc_single_image image=&#8221;367&#8243; img_size=&#8221;full&#8221;][\/vc_column_inner][vc_column_inner width=&#8221;1\/3&#8243;][vc_single_image image=&#8221;368&#8243; img_size=&#8221;full&#8221;][\/vc_column_inner][vc_column_inner width=&#8221;1\/3&#8243;][vc_single_image image=&#8221;369&#8243; img_size=&#8221;full&#8221;][\/vc_column_inner][\/vc_row_inner][vc_row_inner][vc_column_inner width=&#8221;1\/3&#8243;][vc_single_image image=&#8221;370&#8243; img_size=&#8221;full&#8221;][\/vc_column_inner][vc_column_inner width=&#8221;1\/3&#8243;][vc_single_image image=&#8221;371&#8243; img_size=&#8221;full&#8221;][\/vc_column_inner][vc_column_inner width=&#8221;1\/3&#8243;][vc_single_image image=&#8221;372&#8243; img_size=&#8221;full&#8221;][\/vc_column_inner][\/vc_row_inner][vc_row_inner][vc_column_inner width=&#8221;1\/2&#8243;][vc_single_image image=&#8221;373&#8243; img_size=&#8221;full&#8221;][\/vc_column_inner][vc_column_inner width=&#8221;1\/2&#8243;][vc_single_image image=&#8221;374&#8243; img_size=&#8221;full&#8221;][\/vc_column_inner][\/vc_row_inner][vc_empty_space height=&#8221;52px&#8221;][\/vc_column][\/vc_row][vc_row full_width=&#8221;stretch_row&#8221; disable_element=&#8221;yes&#8221; css=&#8221;.vc_custom_1678358752431{background-color: #f2e3b4 !important;}&#8221;][vc_column][vc_empty_space height=&#8221;52px&#8221;][vc_column_text]<\/p>\n<h2 style=\"text-align: center;\">N\u00c4HT\u00c4VYYKSI\u00c4 ARVILAN TILAN L\u00c4HELL\u00c4<\/h2>\n<p style=\"text-align: center;\">Suosittelemme vierailijoillemme tutustumista my\u00f6s seuraaviin kohteisiin<\/p>\n<p style=\"text-align: center;\"><strong>1. Askolan hiidenkirnut<\/strong><\/p>\n<p style=\"text-align: center;\">Ainutlaatuinen <a href=\"http:\/\/hiidenkirnut.fi\/\" target=\"_blank\" rel=\"noopener\">luonnon muovaama n\u00e4ht\u00e4vyys<\/a> Askolassa.<\/p>\n<p style=\"text-align: center;\"><strong>2. Kanteleenj\u00e4rvi<\/strong><\/p>\n<p style=\"text-align: center;\">Lintubongarien <a href=\"https:\/\/fi.wikipedia.org\/wiki\/Kanteleenj%C3%A4rvi\" target=\"_blank\" rel=\"noopener\">suosikkikohde<\/a>, jossa voi tavata harvinaisiakin lajeja. <a href=\"https:\/\/www.hs.fi\/kaupunki\/art-2000003808623.html\" target=\"_blank\" rel=\"noopener\">Lue lis\u00e4\u00e4.<\/a><\/p>\n<p style=\"text-align: center;\"><strong>3. Teikarinm\u00e4en frisbeegolfpuisto<\/strong><\/p>\n<p style=\"text-align: center;\"><a href=\"https:\/\/frisbeegolfradat.fi\/rata\/teikarinmaen-frisbeegolfpuisto\/\" target=\"_blank\" rel=\"noopener\">6-v\u00e4yl\u00e4inen rata<\/a>, joka kiert\u00e4\u00e4 sora-alueella ja mets\u00e4ss\u00e4 ja tarjoaa sopivasti haastetta koko perheelle.<\/p>\n<p style=\"text-align: center;\"><strong>4. Pukkilan punainen puukirkko<\/strong><\/p>\n<p style=\"text-align: center;\">Vuonna 1814 rakennettu <a href=\"https:\/\/www.pukkilanseurakunta.fi\/kirkko-ja-tilat\/pukkilan-kirkko\" target=\"_blank\" rel=\"noopener\">kaunis puukirkko<\/a>. Pukkilan kirkonm\u00e4ki on paikallisesti arvokasta perinnebiotooppia.<\/p>\n<p style=\"text-align: center;\"><strong>5. Koivulinnan taidegalleria<\/strong><\/p>\n<p style=\"text-align: center;\"><a href=\"http:\/\/galleriakoivulinna.fi\/\" target=\"_blank\" rel=\"noopener\">Kahvila ja galleria<\/a> Pukkilan keskustassa.<\/p>\n<p style=\"text-align: center;\"><strong>6. Hutkon tila<\/strong><\/p>\n<p style=\"text-align: center;\"><a href=\"http:\/\/www.hutko.fi\" target=\"_blank\" rel=\"noopener\">Maatila<\/a>, jossa voit tavata mm. laamoja, aaseja, minipossuja ja lampaita ja l\u00e4hte\u00e4 vaikka laamavaellukselle.<\/p>\n<p style=\"text-align: center;\"><strong>7. Ravintola Olkkari<\/strong><\/p>\n<p style=\"text-align: center;\">Koko perheelle sopiva <a href=\"http:\/\/www.ravintolaolkkari.com\" target=\"_blank\" rel=\"noopener\">ravintola<\/a> Pukkilan keskustassa.<\/p>\n<p>[\/vc_column_text][vc_empty_space height=&#8221;52px&#8221;][\/vc_column][\/vc_row]<\/p>\n","protected":false},"excerpt":{"rendered":"<p>[vc_row full_width=&#8221;stretch_row&#8221; css_animation=&#8221;fadeIn&#8221; css=&#8221;.vc_custom_1622029338764{padding-right: 150px !important;padding-left: 150px !important;background-image: url(https:\/\/arvilantila.fi\/wp-content\/uploads\/2021\/05\/maatilamajoitus-1.jpg?id=137) !important;background-position: center !important;background-repeat: no-repeat !important;background-size: cover !important;}&#8221;][vc_column el_class=&#8221;overlapperi&#8221; offset=&#8221;vc_hidden-xs&#8221;][vc_empty_space][vc_single_image image=&#8221;105&#8243; img_size=&#8221;full&#8221; alignment=&#8221;center&#8221;][vc_column_text] STAYING AT THE FARM EXPERIENCE AUTHENTIC FARMLIFE Stay over in a 100-year-old cottage on the idyllic Arvila farmyard. Wake up to the sound of birds singing, sip your morning coffee while watching the Finncattle [&hellip;]<\/p>\n","protected":false},"author":1,"featured_media":0,"parent":0,"menu_order":0,"comment_status":"closed","ping_status":"closed","template":"","meta":{"footnotes":""},"class_list":["post-594","page","type-page","status-publish","hentry"],"_links":{"self":[{"href":"https:\/\/arvilantila.fi\/en\/wp-json\/wp\/v2\/pages\/594","targetHints":{"allow":["GET"]}}],"collection":[{"href":"https:\/\/arvilantila.fi\/en\/wp-json\/wp\/v2\/pages"}],"about":[{"href":"https:\/\/arvilantila.fi\/en\/wp-json\/wp\/v2\/types\/page"}],"author":[{"embeddable":true,"href":"https:\/\/arvilantila.fi\/en\/wp-json\/wp\/v2\/users\/1"}],"replies":[{"embeddable":true,"href":"https:\/\/arvilantila.fi\/en\/wp-json\/wp\/v2\/comments?post=594"}],"version-history":[{"count":7,"href":"https:\/\/arvilantila.fi\/en\/wp-json\/wp\/v2\/pages\/594\/revisions"}],"predecessor-version":[{"id":681,"href":"https:\/\/arvilantila.fi\/en\/wp-json\/wp\/v2\/pages\/594\/revisions\/681"}],"wp:attachment":[{"href":"https:\/\/arvilantila.fi\/en\/wp-json\/wp\/v2\/media?parent=594"}],"curies":[{"name":"wp","href":"https:\/\/api.w.org\/{rel}","templated":true}]}}